{"id":6061,"date":"2021-11-20T01:15:26","date_gmt":"2021-11-19T22:15:26","guid":{"rendered":"https:\/\/challengemaths.com\/?page_id=6061"},"modified":"2022-09-03T01:42:17","modified_gmt":"2022-09-02T22:42:17","slug":"hakkimizda","status":"publish","type":"page","link":"https:\/\/challengemaths.com\/tr\/hakkimizda\/","title":{"rendered":"Hakk\u0131m\u0131zda"},"content":{"rendered":"\t\t<div data-elementor-type=\"wp-post\" data-elementor-id=\"6061\" class=\"elementor elementor-6061 elementor-4613\" data-elementor-settings=\"[]\">\n\t\t\t\t\t\t\t<div class=\"elementor-section-wrap\">\n\t\t\t\t\t\t\t<section class=\"elementor-section elementor-top-section elementor-element elementor-element-42b23b3 elementor-section-boxed elementor-section-height-default elementor-section-height-default\" data-id=\"42b23b3\" data-element_type=\"section\">\n\t\t\t\t\t\t<div class=\"elementor-container elementor-column-gap-default\">\n\t\t\t\t\t<div class=\"elementor-column elementor-col-50 elementor-top-column elementor-element elementor-element-4b33f5c\" data-id=\"4b33f5c\" data-element_type=\"column\">\n\t\t\t<div class=\"elementor-widget-wrap elementor-element-populated\">\n\t\t\t\t\t\t\t\t<div class=\"elementor-element elementor-element-191e148 elementor-widget elementor-widget-spacer\" data-id=\"191e148\" data-element_type=\"widget\" data-widget_type=\"spacer.default\">\n\t\t\t\t<div class=\"elementor-widget-container\">\n\t\t\t\t\t<div class=\"elementor-spacer\">\n\t\t\t<div class=\"elementor-spacer-inner\"><\/div>\n\t\t<\/div>\n\t\t\t\t<\/div>\n\t\t\t\t<\/div>\n\t\t\t\t<div class=\"elementor-element elementor-element-75b19b3 elementor-widget elementor-widget-team-member-addons\" data-id=\"75b19b3\" data-element_type=\"widget\" data-widget_type=\"team-member-addons.default\">\n\t\t\t\t<div class=\"elementor-widget-container\">\n\t\t\t            <div class=\"tmfe-team tmfe-team-style-1\" >\r\n\r\n                                    <div class=\"tmfe-thumb\">\r\n                        <img width=\"600\" height=\"878\" src=\"https:\/\/challengemaths.com\/wp-content\/uploads\/2022\/01\/EA-1.jpg\" class=\"attachment-full size-full\" alt=\"\" loading=\"lazy\" srcset=\"https:\/\/challengemaths.com\/wp-content\/uploads\/2022\/01\/EA-1.jpg 600w, https:\/\/challengemaths.com\/wp-content\/uploads\/2022\/01\/EA-1-205x300.jpg 205w\" sizes=\"(max-width: 600px) 100vw, 600px\" \/>                        <div class=\"tmfe-team-hover-action\">\r\n                            <div class=\"tmfe-team-hover\">\r\n                                                                    <ul class=\"tmfe-social-network\">\r\n                                                                                    <li class=\"elementor-repeater-item-07ece92\" ><a href=\"#\"><i aria-hidden=\"true\" class=\"fab fa-facebook-f\"><\/i><\/a><\/li>\r\n                                                                                    <li class=\"elementor-repeater-item-dbc12b6\" ><a href=\"#\"><i aria-hidden=\"true\" class=\"fab fa-linkedin\"><\/i><\/a><\/li>\r\n                                                                            <\/ul>\r\n                                                                <p class=\"tmfe-team-bio-info\">MESLEK\u0130 TECR\u00dcBE: \nChallenge Maths (Owner) - \nNEARS Uluslararas\u0131 Matematik S\u0131nav\u0131 E\u011fitim ve Dan\u0131\u015fmanl\u0131\u011f\u0131 (Sahibi) -\n\u00d6zel Matematik Dersi<\/p>                            <\/div>\r\n                        <\/div>\r\n                    <\/div>\r\n                    <div class=\"tmfe-team-content\">\r\n                        <h4 class=\"tmfe-team-name\">EMRE ARSLAN<\/h4><p class=\"tmfe-team-designation\">Kurucu | Challenge Maths<\/p>                    <\/div>\r\n                            <\/div>\r\n        \t\t<\/div>\n\t\t\t\t<\/div>\n\t\t\t\t\t<\/div>\n\t\t<\/div>\n\t\t\t\t<div class=\"elementor-column elementor-col-50 elementor-top-column elementor-element elementor-element-9d1949a\" data-id=\"9d1949a\" data-element_type=\"column\">\n\t\t\t<div class=\"elementor-widget-wrap elementor-element-populated\">\n\t\t\t\t\t\t\t\t<div class=\"elementor-element elementor-element-df06261 elementor-widget elementor-widget-spacer\" data-id=\"df06261\" data-element_type=\"widget\" data-widget_type=\"spacer.default\">\n\t\t\t\t<div class=\"elementor-widget-container\">\n\t\t\t\t\t<div class=\"elementor-spacer\">\n\t\t\t<div class=\"elementor-spacer-inner\"><\/div>\n\t\t<\/div>\n\t\t\t\t<\/div>\n\t\t\t\t<\/div>\n\t\t\t\t<div class=\"elementor-element elementor-element-86be43c elementor-widget elementor-widget-dl-animated-heading\" data-id=\"86be43c\" data-element_type=\"widget\" data-settings=\"{&quot;animation_delay&quot;:2500}\" data-widget_type=\"dl-animated-heading.default\">\n\t\t\t\t<div class=\"elementor-widget-container\">\n\t\t\t<h2 class=\"dl-animated-text-wrap cd-headline letters rotate-3 dl-animated-has-before-text\" data-settings=\"{&quot;anim_type&quot;:&quot;letters rotate-3&quot;,&quot;delay&quot;:2500,&quot;clip_duration&quot;:600,&quot;clip_delay&quot;:1500,&quot;type_letter_delay&quot;:150,&quot;selection_duration&quot;:500,&quot;type_anim_delay&quot;:1300,&quot;bar_anim_delay&quot;:3800,&quot;bar_waiting&quot;:800}\"><span class=\"dl-animated-before-text\">N. EMRE ARSLAN<\/span> <span class=\"dl-animated-text cd-words-wrapper\"><b class=\"elementor-repeater-item-7a60cb9 is-visible\"><\/b><\/span><\/h2>\t\t<\/div>\n\t\t\t\t<\/div>\n\t\t\t\t<div class=\"elementor-element elementor-element-4438f5a elementor-widget elementor-widget-heading\" data-id=\"4438f5a\" data-element_type=\"widget\" data-widget_type=\"heading.default\">\n\t\t\t\t<div class=\"elementor-widget-container\">\n\t\t\t<style>\/*! elementor - v3.5.5 - 03-02-2022 *\/\n.elementor-heading-title{padding:0;margin:0;line-height:1}.elementor-widget-heading .elementor-heading-title[class*=elementor-size-]>a{color:inherit;font-size:inherit;line-height:inherit}.elementor-widget-heading .elementor-heading-title.elementor-size-small{font-size:15px}.elementor-widget-heading .elementor-heading-title.elementor-size-medium{font-size:19px}.elementor-widget-heading .elementor-heading-title.elementor-size-large{font-size:29px}.elementor-widget-heading .elementor-heading-title.elementor-size-xl{font-size:39px}.elementor-widget-heading .elementor-heading-title.elementor-size-xxl{font-size:59px}<\/style><h3 class=\"elementor-heading-title elementor-size-default\">Kurucu<\/h3>\t\t<\/div>\n\t\t\t\t<\/div>\n\t\t\t\t<div class=\"elementor-element elementor-element-c697848 elementor-widget elementor-widget-text-editor\" data-id=\"c697848\" data-element_type=\"widget\" data-widget_type=\"text-editor.default\">\n\t\t\t\t<div class=\"elementor-widget-container\">\n\t\t\t<style>\/*! elementor - v3.5.5 - 03-02-2022 *\/\n.elementor-widget-text-editor.elementor-drop-cap-view-stacked .elementor-drop-cap{background-color:#818a91;color:#fff}.elementor-widget-text-editor.elementor-drop-cap-view-framed .elementor-drop-cap{color:#818a91;border:3px solid;background-color:transparent}.elementor-widget-text-editor:not(.elementor-drop-cap-view-default) .elementor-drop-cap{margin-top:8px}.elementor-widget-text-editor:not(.elementor-drop-cap-view-default) .elementor-drop-cap-letter{width:1em;height:1em}.elementor-widget-text-editor .elementor-drop-cap{float:left;text-align:center;line-height:1;font-size:50px}.elementor-widget-text-editor .elementor-drop-cap-letter{display:inline-block}<\/style>\t\t\t\t<p>Matematik derslerinde sertifikal\u0131 ve deneyimli, \u00f6\u011fretme ve \u00f6\u011frenmeye y\u00f6nelik yarat\u0131c\u0131 ve yenilik\u00e7i yakla\u015f\u0131mlarla ilgilenen bir matematik\u00e7i. SAT, IB, AP Calculus dahil olmak \u00fczere uluslararas\u0131 matematik s\u0131navlar\u0131nda uzman. \u00d6zellikle matematikte meydan okumay\u0131 seven bir ya\u015fam boyu \u00f6\u011frenen. Uluslararas\u0131 sertifikal\u0131 bir e\u011fitim ko\u00e7u (ICF) ve \u00f6\u011frencilerin geli\u015fimine katk\u0131da bulunmak i\u00e7in projeler geli\u015ftirme tutkusu olan bir giri\u015fimci. Uluslararas\u0131 matematik s\u0131navlar\u0131na y\u00f6nelik e\u011fitim programlar\u0131 ve SAT, ACT, AP, IB, IGCSE ve A Level gibi s\u0131navlardan en y\u00fcksek puan\u0131 almay\u0131 hedefleyen \u00f6\u011frencilere y\u00f6nelik \u00e7evrimi\u00e7i ve \u00e7evrimd\u0131\u015f\u0131 e\u011fitim programlar\u0131 \u00fcretmeyi ama\u00e7layan \u00e7evrimi\u00e7i s\u0131nav platformu Challenge Maths\u00ae&#8217;\u0131n kurucusu<\/p>\t\t\t\t\t\t<\/div>\n\t\t\t\t<\/div>\n\t\t\t\t<div class=\"elementor-element elementor-element-fdc76d5 elementor-widget-divider--view-line elementor-widget elementor-widget-divider\" data-id=\"fdc76d5\" data-element_type=\"widget\" data-widget_type=\"divider.default\">\n\t\t\t\t<div class=\"elementor-widget-container\">\n\t\t\t<style>\/*! elementor - v3.5.5 - 03-02-2022 *\/\n.elementor-widget-divider{--divider-border-style:none;--divider-border-width:1px;--divider-color:#2c2c2c;--divider-icon-size:20px;--divider-element-spacing:10px;--divider-pattern-height:24px;--divider-pattern-size:20px;--divider-pattern-url:none;--divider-pattern-repeat:repeat-x}.elementor-widget-divider .elementor-divider{display:-webkit-box;display:-ms-flexbox;display:flex}.elementor-widget-divider .elementor-divider__text{font-size:15px;line-height:1;max-width:95%}.elementor-widget-divider .elementor-divider__element{margin:0 var(--divider-element-spacing);-ms-flex-negative:0;flex-shrink:0}.elementor-widget-divider .elementor-icon{font-size:var(--divider-icon-size)}.elementor-widget-divider .elementor-divider-separator{display:-webkit-box;display:-ms-flexbox;display:flex;margin:0;direction:ltr}.elementor-widget-divider--view-line_icon .elementor-divider-separator,.elementor-widget-divider--view-line_text .elementor-divider-separator{-webkit-box-align:center;-ms-flex-align:center;align-items:center}.elementor-widget-divider--view-line_icon .elementor-divider-separator:after,.elementor-widget-divider--view-line_icon .elementor-divider-separator:before,.elementor-widget-divider--view-line_text .elementor-divider-separator:after,.elementor-widget-divider--view-line_text .elementor-divider-separator:before{display:block;content:\"\";border-bottom:0;-webkit-box-flex:1;-ms-flex-positive:1;flex-grow:1;border-top:var(--divider-border-width) var(--divider-border-style) var(--divider-color)}.elementor-widget-divider--element-align-left .elementor-divider .elementor-divider-separator>.elementor-divider__svg:first-of-type{-webkit-box-flex:0;-ms-flex-positive:0;flex-grow:0;-ms-flex-negative:100;flex-shrink:100}.elementor-widget-divider--element-align-left .elementor-divider-separator:before{content:none}.elementor-widget-divider--element-align-left .elementor-divider__element{margin-left:0}.elementor-widget-divider--element-align-right .elementor-divider .elementor-divider-separator>.elementor-divider__svg:last-of-type{-webkit-box-flex:0;-ms-flex-positive:0;flex-grow:0;-ms-flex-negative:100;flex-shrink:100}.elementor-widget-divider--element-align-right .elementor-divider-separator:after{content:none}.elementor-widget-divider--element-align-right .elementor-divider__element{margin-right:0}.elementor-widget-divider:not(.elementor-widget-divider--view-line_text):not(.elementor-widget-divider--view-line_icon) .elementor-divider-separator{border-top:var(--divider-border-width) var(--divider-border-style) var(--divider-color)}.elementor-widget-divider--separator-type-pattern{--divider-border-style:none}.elementor-widget-divider--separator-type-pattern.elementor-widget-divider--view-line .elementor-divider-separator,.elementor-widget-divider--separator-type-pattern:not(.elementor-widget-divider--view-line) .elementor-divider-separator:after,.elementor-widget-divider--separator-type-pattern:not(.elementor-widget-divider--view-line) .elementor-divider-separator:before,.elementor-widget-divider--separator-type-pattern:not([class*=elementor-widget-divider--view]) .elementor-divider-separator{width:100%;min-height:var(--divider-pattern-height);-webkit-mask-size:var(--divider-pattern-size) 100%;mask-size:var(--divider-pattern-size) 100%;-webkit-mask-repeat:var(--divider-pattern-repeat);mask-repeat:var(--divider-pattern-repeat);background-color:var(--divider-color);-webkit-mask-image:var(--divider-pattern-url);mask-image:var(--divider-pattern-url)}.elementor-widget-divider--no-spacing{--divider-pattern-size:auto}.elementor-widget-divider--bg-round{--divider-pattern-repeat:round}.rtl .elementor-widget-divider .elementor-divider__text{direction:rtl}<\/style>\t\t<div class=\"elementor-divider\">\n\t\t\t<span class=\"elementor-divider-separator\">\n\t\t\t\t\t\t<\/span>\n\t\t<\/div>\n\t\t\t\t<\/div>\n\t\t\t\t<\/div>\n\t\t\t\t\t<\/div>\n\t\t<\/div>\n\t\t\t\t\t\t\t<\/div>\n\t\t<\/section>\n\t\t\t\t<section class=\"elementor-section elementor-top-section elementor-element elementor-element-4e7ca82 elementor-section-stretched elementor-section-full_width elementor-section-height-default elementor-section-height-default\" data-id=\"4e7ca82\" data-element_type=\"section\" data-settings=\"{&quot;stretch_section&quot;:&quot;section-stretched&quot;,&quot;background_background&quot;:&quot;classic&quot;}\">\n\t\t\t\t\t\t\t<div class=\"elementor-background-overlay\"><\/div>\n\t\t\t\t\t\t\t<div class=\"elementor-container elementor-column-gap-extended\">\n\t\t\t\t\t<div class=\"elementor-column elementor-col-100 elementor-top-column elementor-element elementor-element-1a2b129\" data-id=\"1a2b129\" data-element_type=\"column\">\n\t\t\t<div class=\"elementor-widget-wrap elementor-element-populated\">\n\t\t\t\t\t\t\t\t<div class=\"elementor-element elementor-element-47eca7a elementor-widget elementor-widget-edumy_heading\" data-id=\"47eca7a\" data-element_type=\"widget\" data-widget_type=\"edumy_heading.default\">\n\t\t\t\t<div class=\"elementor-widget-container\">\n\t\t\t<h2 class=\"edumy-heading-title edumy-size-default\">\u00c7EVR\u0130M\u0130\u00c7\u0130 \u00d6\u011eRENMEYE BA\u015eLAYIN<\/h2>\t\t<\/div>\n\t\t\t\t<\/div>\n\t\t\t\t<div class=\"elementor-element elementor-element-40d100f elementor-widget elementor-widget-edumy_heading\" data-id=\"40d100f\" data-element_type=\"widget\" data-widget_type=\"edumy_heading.default\">\n\t\t\t\t<div class=\"elementor-widget-container\">\n\t\t\t<h2 class=\"edumy-heading-title edumy-size-default\">En iyi Online kurslarla <br \/>becerilerinizi geli\u015ftirin<\/h2>\t\t<\/div>\n\t\t\t\t<\/div>\n\t\t\t\t<div class=\"elementor-element elementor-element-393f7e2 elementor-align-center btn-outline elementor-widget elementor-widget-button\" data-id=\"393f7e2\" data-element_type=\"widget\" data-widget_type=\"button.default\">\n\t\t\t\t<div class=\"elementor-widget-container\">\n\t\t\t\t\t<div class=\"elementor-button-wrapper\">\n\t\t\t<a href=\"https:\/\/online.challengemaths.com\/pages\/register\" target=\"_blank\" class=\"elementor-button-link elementor-button elementor-size-md\" role=\"button\">\n\t\t\t\t\t\t<span class=\"elementor-button-content-wrapper\">\n\t\t\t\t\t\t<span class=\"elementor-button-text\">\u015e\u0130MD\u0130 KAYDOL<\/span>\n\t\t<\/span>\n\t\t\t\t\t<\/a>\n\t\t<\/div>\n\t\t\t\t<\/div>\n\t\t\t\t<\/div>\n\t\t\t\t\t<\/div>\n\t\t<\/div>\n\t\t\t\t\t\t\t<\/div>\n\t\t<\/section>\n\t\t\t\t\t\t<\/div>\n\t\t\t\t\t<\/div>\n\t\t","protected":false},"excerpt":{"rendered":"<p>MESLEK\u0130 TECR\u00dcBE: Challenge Maths (Owner) &#8211; NEARS Uluslararas\u0131 Matematik S\u0131nav\u0131 E\u011fitim ve Dan\u0131\u015fmanl\u0131\u011f\u0131 (Sahibi) &#8211; \u00d6zel Matematik Dersi EMRE ARSLAN &hellip; <br \/><a href=\"https:\/\/challengemaths.com\/tr\/hakkimizda\/\" class=\"more-link\">Continue reading <span class=\"screen-reader-text\">Hakk\u0131m\u0131zda<\/span><\/a><\/p>\n","protected":false},"author":2,"featured_media":0,"parent":0,"menu_order":0,"comment_status":"closed","ping_status":"closed","template":"","meta":[],"_links":{"self":[{"href":"https:\/\/challengemaths.com\/tr\/wp-json\/wp\/v2\/pages\/6061"}],"collection":[{"href":"https:\/\/challengemaths.com\/tr\/wp-json\/wp\/v2\/pages"}],"about":[{"href":"https:\/\/challengemaths.com\/tr\/wp-json\/wp\/v2\/types\/page"}],"author":[{"embeddable":true,"href":"https:\/\/challengemaths.com\/tr\/wp-json\/wp\/v2\/users\/2"}],"replies":[{"embeddable":true,"href":"https:\/\/challengemaths.com\/tr\/wp-json\/wp\/v2\/comments?post=6061"}],"version-history":[{"count":4,"href":"https:\/\/challengemaths.com\/tr\/wp-json\/wp\/v2\/pages\/6061\/revisions"}],"predecessor-version":[{"id":6065,"href":"https:\/\/challengemaths.com\/tr\/wp-json\/wp\/v2\/pages\/6061\/revisions\/6065"}],"wp:attachment":[{"href":"https:\/\/challengemaths.com\/tr\/wp-json\/wp\/v2\/media?parent=6061"}],"curies":[{"name":"wp","href":"https:\/\/api.w.org\/{rel}","templated":true}]}}