{"id":6083,"date":"2021-11-20T00:41:00","date_gmt":"2021-11-19T21:41:00","guid":{"rendered":"https:\/\/challengemaths.com\/?page_id=6083"},"modified":"2022-09-03T02:44:41","modified_gmt":"2022-09-02T23:44:41","slug":"egitim-kamplari","status":"publish","type":"page","link":"https:\/\/challengemaths.com\/tr\/egitim-kamplari\/","title":{"rendered":"E\u011fitim Kamplar\u0131"},"content":{"rendered":"\t\t<div data-elementor-type=\"wp-post\" data-elementor-id=\"6083\" class=\"elementor elementor-6083 elementor-4588\" data-elementor-settings=\"[]\">\n\t\t\t\t\t\t\t<div class=\"elementor-section-wrap\">\n\t\t\t\t\t\t\t<section class=\"elementor-section elementor-top-section elementor-element elementor-element-42b23b3 elementor-section-boxed elementor-section-height-default elementor-section-height-default\" data-id=\"42b23b3\" data-element_type=\"section\">\n\t\t\t\t\t\t<div class=\"elementor-container elementor-column-gap-default\">\n\t\t\t\t\t<div class=\"elementor-column elementor-col-50 elementor-top-column elementor-element elementor-element-4b33f5c\" data-id=\"4b33f5c\" data-element_type=\"column\">\n\t\t\t<div class=\"elementor-widget-wrap elementor-element-populated\">\n\t\t\t\t\t\t\t\t<div class=\"elementor-element elementor-element-191e148 elementor-widget elementor-widget-spacer\" data-id=\"191e148\" data-element_type=\"widget\" data-widget_type=\"spacer.default\">\n\t\t\t\t<div class=\"elementor-widget-container\">\n\t\t\t\t\t<div class=\"elementor-spacer\">\n\t\t\t<div class=\"elementor-spacer-inner\"><\/div>\n\t\t<\/div>\n\t\t\t\t<\/div>\n\t\t\t\t<\/div>\n\t\t\t\t<div class=\"elementor-element elementor-element-86be43c elementor-widget elementor-widget-dl-animated-heading\" data-id=\"86be43c\" data-element_type=\"widget\" data-settings=\"{&quot;animation_delay&quot;:2500}\" data-widget_type=\"dl-animated-heading.default\">\n\t\t\t\t<div class=\"elementor-widget-container\">\n\t\t\t<h2 class=\"dl-animated-text-wrap cd-headline rotate-1 dl-animated-has-before-text\" data-settings=\"{&quot;anim_type&quot;:&quot;rotate-1&quot;,&quot;delay&quot;:2500,&quot;clip_duration&quot;:600,&quot;clip_delay&quot;:1500,&quot;type_letter_delay&quot;:150,&quot;selection_duration&quot;:500,&quot;type_anim_delay&quot;:1300,&quot;bar_anim_delay&quot;:3800,&quot;bar_waiting&quot;:800}\"><span class=\"dl-animated-before-text\">E\u011e\u0130T\u0130M KAMPI : <\/span> <span class=\"dl-animated-text cd-words-wrapper\"><b class=\"elementor-repeater-item-c2a664e is-visible\">\u0130yi tatiller<\/b><b class=\"elementor-repeater-item-cc1516b\">Etkili \u00f6\u011frenme<\/b><\/span><\/h2>\t\t<\/div>\n\t\t\t\t<\/div>\n\t\t\t\t<div class=\"elementor-element elementor-element-c697848 elementor-widget elementor-widget-text-editor\" data-id=\"c697848\" data-element_type=\"widget\" data-widget_type=\"text-editor.default\">\n\t\t\t\t<div class=\"elementor-widget-container\">\n\t\t\t<style>\/*! elementor - v3.5.5 - 03-02-2022 *\/\n.elementor-widget-text-editor.elementor-drop-cap-view-stacked .elementor-drop-cap{background-color:#818a91;color:#fff}.elementor-widget-text-editor.elementor-drop-cap-view-framed .elementor-drop-cap{color:#818a91;border:3px solid;background-color:transparent}.elementor-widget-text-editor:not(.elementor-drop-cap-view-default) .elementor-drop-cap{margin-top:8px}.elementor-widget-text-editor:not(.elementor-drop-cap-view-default) .elementor-drop-cap-letter{width:1em;height:1em}.elementor-widget-text-editor .elementor-drop-cap{float:left;text-align:center;line-height:1;font-size:50px}.elementor-widget-text-editor .elementor-drop-cap-letter{display:inline-block}<\/style>\t\t\t\t<p>Lazer odakl\u0131 grup \u00e7al\u0131\u015fmas\u0131, \u00f6\u011frencilerin y\u00fcksek ba\u015far\u0131 g\u00f6sterenlerin ama\u00e7lar\u0131na yakla\u015fmaktan keyif ald\u0131klar\u0131 zorlu bir ortamda matematikle ba\u015fa \u00e7\u0131kma yeteneklerini ke\u015ffetmelerini sa\u011flar.<\/p>\t\t\t\t\t\t<\/div>\n\t\t\t\t<\/div>\n\t\t\t\t\t<\/div>\n\t\t<\/div>\n\t\t\t\t<div class=\"elementor-column elementor-col-50 elementor-top-column elementor-element elementor-element-9d1949a\" data-id=\"9d1949a\" data-element_type=\"column\">\n\t\t\t<div class=\"elementor-widget-wrap elementor-element-populated\">\n\t\t\t\t\t\t\t\t<div class=\"elementor-element elementor-element-6b9c405 elementor-widget elementor-widget-mdp-videor-elementor\" data-id=\"6b9c405\" data-element_type=\"widget\" data-widget_type=\"mdp-videor-elementor.default\">\n\t\t\t\t<div class=\"elementor-widget-container\">\n\t\t\t\n        <div id=\"mdp-videor-6b9c405\" class=\"mdp-videor\">\n\n\t        \n            <div class=\"mdp-videor-mask\">\n\n                <div class=\"mdp-videor-video\">\n\n                    <div class=\"mdp-videor-wrap mdp-videor-default\">\n\n                            <video class=\"elementor-video\" src=\"http:\/\/challengemaths.com\/wp-content\/uploads\/2021\/11\/boot-camps-SA6CW5KH7Z.mp4\" autoplay=\"\" loop=\"\" muted=\"muted\" playsinline=\"\" controlsList=\"nodownload\"><\/video>\n\t\t                        <div class=\"mdp-videor-overlay\"><\/div>\n\n                    \n                    <\/div>\n\n                <\/div>\n\n            <\/div>\n\n            \n            \n        <\/div>\n\n        <!--suppress JSUnresolvedVariable -->\n        <script>\n\n            ( function ( $ ) {\n\n                \"use strict\";\n\n                $( document ).ready( function () {\n                    mdpVideorCrop( '6b9c405', 100 );\n                } );\n\n\t            \n                $( window ).resize( function () {\n                    mdpVideorCrop( '6b9c405', 100 );\n                } );\n\n                \n            } ( jQuery ) );\n\n        <\/script>\n\n\t    \t\t<\/div>\n\t\t\t\t<\/div>\n\t\t\t\t\t<\/div>\n\t\t<\/div>\n\t\t\t\t\t\t\t<\/div>\n\t\t<\/section>\n\t\t\t\t<section class=\"elementor-section elementor-top-section elementor-element elementor-element-4e7ca82 elementor-section-stretched elementor-section-full_width elementor-section-height-default elementor-section-height-default\" data-id=\"4e7ca82\" data-element_type=\"section\" data-settings=\"{&quot;stretch_section&quot;:&quot;section-stretched&quot;,&quot;background_background&quot;:&quot;classic&quot;}\">\n\t\t\t\t\t\t\t<div class=\"elementor-background-overlay\"><\/div>\n\t\t\t\t\t\t\t<div class=\"elementor-container elementor-column-gap-extended\">\n\t\t\t\t\t<div class=\"elementor-column elementor-col-100 elementor-top-column elementor-element elementor-element-1a2b129\" data-id=\"1a2b129\" data-element_type=\"column\">\n\t\t\t<div class=\"elementor-widget-wrap elementor-element-populated\">\n\t\t\t\t\t\t\t\t<div class=\"elementor-element elementor-element-47eca7a elementor-widget elementor-widget-edumy_heading\" data-id=\"47eca7a\" data-element_type=\"widget\" data-widget_type=\"edumy_heading.default\">\n\t\t\t\t<div class=\"elementor-widget-container\">\n\t\t\t<h2 class=\"edumy-heading-title edumy-size-default\">\u00c7EVR\u0130M\u0130\u00c7\u0130 \u00d6\u011eRENMEYE BA\u015eLAYIN<\/h2>\t\t<\/div>\n\t\t\t\t<\/div>\n\t\t\t\t<div class=\"elementor-element elementor-element-40d100f elementor-widget elementor-widget-edumy_heading\" data-id=\"40d100f\" data-element_type=\"widget\" data-widget_type=\"edumy_heading.default\">\n\t\t\t\t<div class=\"elementor-widget-container\">\n\t\t\t<h2 class=\"edumy-heading-title edumy-size-default\">En iyi Online kurslarla<br \/>becerilerinizi geli\u015ftirin<\/h2>\t\t<\/div>\n\t\t\t\t<\/div>\n\t\t\t\t<div class=\"elementor-element elementor-element-393f7e2 elementor-align-center btn-outline elementor-widget elementor-widget-button\" data-id=\"393f7e2\" data-element_type=\"widget\" data-widget_type=\"button.default\">\n\t\t\t\t<div class=\"elementor-widget-container\">\n\t\t\t\t\t<div class=\"elementor-button-wrapper\">\n\t\t\t<a href=\"https:\/\/online.challengemaths.com\/pages\/register\" target=\"_blank\" class=\"elementor-button-link elementor-button elementor-size-md\" role=\"button\">\n\t\t\t\t\t\t<span class=\"elementor-button-content-wrapper\">\n\t\t\t\t\t\t<span class=\"elementor-button-text\">\u015e\u0130MD\u0130 KAYDOL<\/span>\n\t\t<\/span>\n\t\t\t\t\t<\/a>\n\t\t<\/div>\n\t\t\t\t<\/div>\n\t\t\t\t<\/div>\n\t\t\t\t\t<\/div>\n\t\t<\/div>\n\t\t\t\t\t\t\t<\/div>\n\t\t<\/section>\n\t\t\t\t\t\t<\/div>\n\t\t\t\t\t<\/div>\n\t\t","protected":false},"excerpt":{"rendered":"<p>E\u011e\u0130T\u0130M KAMPI : \u0130yi tatillerEtkili \u00f6\u011frenme Lazer odakl\u0131 grup \u00e7al\u0131\u015fmas\u0131, \u00f6\u011frencilerin y\u00fcksek ba\u015far\u0131 g\u00f6sterenlerin ama\u00e7lar\u0131na yakla\u015fmaktan keyif ald\u0131klar\u0131 zorlu bir &hellip; <br \/><a href=\"https:\/\/challengemaths.com\/tr\/egitim-kamplari\/\" class=\"more-link\">Continue reading <span class=\"screen-reader-text\">E\u011fitim Kamplar\u0131<\/span><\/a><\/p>\n","protected":false},"author":2,"featured_media":0,"parent":0,"menu_order":0,"comment_status":"closed","ping_status":"closed","template":"","meta":[],"_links":{"self":[{"href":"https:\/\/challengemaths.com\/tr\/wp-json\/wp\/v2\/pages\/6083"}],"collection":[{"href":"https:\/\/challengemaths.com\/tr\/wp-json\/wp\/v2\/pages"}],"about":[{"href":"https:\/\/challengemaths.com\/tr\/wp-json\/wp\/v2\/types\/page"}],"author":[{"embeddable":true,"href":"https:\/\/challengemaths.com\/tr\/wp-json\/wp\/v2\/users\/2"}],"replies":[{"embeddable":true,"href":"https:\/\/challengemaths.com\/tr\/wp-json\/wp\/v2\/comments?post=6083"}],"version-history":[{"count":4,"href":"https:\/\/challengemaths.com\/tr\/wp-json\/wp\/v2\/pages\/6083\/revisions"}],"predecessor-version":[{"id":6087,"href":"https:\/\/challengemaths.com\/tr\/wp-json\/wp\/v2\/pages\/6083\/revisions\/6087"}],"wp:attachment":[{"href":"https:\/\/challengemaths.com\/tr\/wp-json\/wp\/v2\/media?parent=6083"}],"curies":[{"name":"wp","href":"https:\/\/api.w.org\/{rel}","templated":true}]}}