{"id":6110,"date":"2021-12-09T09:35:42","date_gmt":"2021-12-09T06:35:42","guid":{"rendered":"https:\/\/challengemaths.com\/?page_id=6110"},"modified":"2022-09-03T04:03:34","modified_gmt":"2022-09-03T01:03:34","slug":"kvkk-aydinlatma-metni","status":"publish","type":"page","link":"https:\/\/challengemaths.com\/tr\/kvkk-aydinlatma-metni\/","title":{"rendered":"KVKK Ayd\u0131nlatma Metni"},"content":{"rendered":"<p><strong>NURULLAH EMRE ARSLAN<br \/>6698 SAYILI K\u0130\u015e\u0130SEL VER\u0130LER\u0130N KORUNMASI KANUNU KAPSAMINDA AYDINLATMA METN\u0130<\/strong><\/p>\n<p>NURULLAH EMRE ARSLAN (\u201cNEARS\u201d), y\u00fcr\u00fctt\u00fc\u011f\u00fc faaliyetler kapsam\u0131nda i\u015fledi\u011fi ki\u015fisel verilerinizi korumak i\u00e7in, 6698 Say\u0131l\u0131 Ki\u015fisel Verilerin Korunmas\u0131 Kanunu\u2019na (\u201cKVKK\u201d) uygun olarak her t\u00fcrl\u00fc teknik ve hukuki tedbiri almaktad\u0131r. \u0130lgili ki\u015filer; i\u015flenen ki\u015fisel veri kategorilerini, ki\u015fisel verilerin i\u015flenmesinin hukuki sebeplerini, \u00fc\u00e7\u00fcnc\u00fc ki\u015filere aktar\u0131m\u0131 yap\u0131lan verileri ve bu aktar\u0131m\u0131n amac\u0131 ile KVKK ve GDPR kapsam\u0131nda yer alan haklar\u0131na ili\u015fkin ayr\u0131nt\u0131l\u0131 bilgilere a\u015fa\u011f\u0131daki ayd\u0131nlatma metninden ula\u015fabilirler.<\/p>\n<ol type=\"I\">\n<li><strong>Veri Sorumlusu<\/strong><\/li>\n<\/ol>\n<p>NEARS taraf\u0131ndan, 5237 Say\u0131l\u0131 T\u00fcrk Ceza Kanunu ve 6698 Say\u0131l\u0131 Ki\u015fisel Verilerin Korunmas\u0131 Kanunu ba\u015fta olmak \u00fczere, ilgili mevzuattan kaynaklanan yasal y\u00fck\u00fcml\u00fcl\u00fcklerini yerine getirmek ve tahsilat, fatura tanzim etme, sipari\u015f teslim ve\/veya \u00fcyelik kayd\u0131 s\u00fcre\u00e7lerini y\u00fcr\u00fctebilmek ad\u0131na baz\u0131 ki\u015fisel verilerinizi (ad, soyad, e-posta adresi, teslimat adresi, fatura adresi, kredi kart\u0131 veya banka kart\u0131 bilgileri, cep telefonu numaras\u0131) talep etmektedir. S\u00f6z konusu ki\u015fisel verileriniz a\u00e7\u0131k r\u0131zan\u0131za istinaden i\u015fbu ki\u015fisel verilerin korunmas\u0131 ayd\u0131nlatma metninde belirtilen ama\u00e7lar ve kapsam d\u0131\u015f\u0131nda kullan\u0131lmamak kayd\u0131yla halka a\u00e7\u0131k olmayan bir ortamda i\u015flenecek ve bu ortamda muhafaza edilecektir.<\/p>\n<ol type=\"I\">\n<li><strong>Ki\u015fisel Verilerin \u0130\u015flenme Ama\u00e7lar\u0131<\/strong><\/li>\n<\/ol>\n<p>NEARS nezdinde ki\u015fisel veriler; ticari faaliyetlerin planlanmas\u0131 ve icras\u0131, yetkili kurum ve kurulu\u015flara mevzuattan kaynakl\u0131 bilgi verilmesi, taraf\u0131m\u0131zca do\u011frudan sa\u011flanmayan ve uzmanl\u0131k alan\u0131m\u0131za girmeyen konularda \u00f6deme hizmet, al\u0131nmas\u0131, sipari\u015flerin teslim edilmesi, tahsilatlar\u0131n ger\u00e7ekle\u015ftirilmesi, \u00fcyelik kayd\u0131n\u0131z\u0131n olu\u015fturulmas\u0131, fatura tanzim edilmesi, t\u00fcketici \u015fikayetlerinin \u00e7\u00f6z\u00fcmlenmesi, a\u00e7\u0131k r\u0131za vermeniz halinde ticari elektronik ileti g\u00f6nderilmesi, faaliyetlerin NEARS prosed\u00fcrleri ve ilgili mevzuata uygun olarak y\u00fcr\u00fct\u00fclmesinin sa\u011flanmas\u0131 i\u00e7in gerekli denetim faaliyetlerinin planlanmas\u0131 ve icras\u0131, kurumsal s\u00fcrd\u00fcr\u00fclebilirlik faaliyetlerinin planlanmas\u0131 ve icras\u0131, NEARS\u2019in itibar\u0131n\u0131n korunmas\u0131na y\u00f6nelik \u00e7al\u0131\u015fmalar\u0131n ger\u00e7ekle\u015ftirilmesi, talep ve \u015fikayet s\u00fcre\u00e7lerinin y\u00f6netimi, kurumsal y\u00f6netim ve ileti\u015fim faaliyetlerinin planlanmas\u0131 ve icras\u0131 amac\u0131yla hukuka ve d\u00fcr\u00fcstl\u00fck kurallar\u0131na ve i\u015flendikleri ama\u00e7la ba\u011flant\u0131l\u0131, s\u0131n\u0131rl\u0131 ve \u00f6l\u00e7\u00fcl\u00fc, ilgili mevzuatta \u00f6ng\u00f6r\u00fclen veya i\u015flendikleri ama\u00e7 i\u00e7in gerekli olan s\u00fcre kadar muhafaza edilme ilkelerine uygun olarak i\u015flenecektir.<\/p>\n<p>Ki\u015fisel verileriniz tamamen veya k\u0131smen, otomatik olan veya olmayan yollarla elde etme, kaydetme, depolanma, muhafaza etme, de\u011fi\u015ftirme, yeniden d\u00fczenleme vb. i\u015flemler arac\u0131l\u0131\u011f\u0131yla i\u015flenebilir. Toplan\u0131lan bilgiler, haberiniz ya da aksi bir talimat\u0131n\u0131z olmaks\u0131z\u0131n, \u00fc\u00e7\u00fcnc\u00fc \u015fah\u0131slarla kesinlikle payla\u015f\u0131lmamakta, faaliyet d\u0131\u015f\u0131 hi\u00e7bir nedenle ticari ama\u00e7la kullan\u0131lmamakta ve de sat\u0131lmamaktad\u0131r.<\/p>\n<ol type=\"I\">\n<li><strong>Ki\u015fisel Verilerin Aktar\u0131lmas\u0131<\/strong><\/li>\n<\/ol>\n<p>Taraf\u0131n\u0131zdan edinilmi\u015f olan ki\u015fisel veriler yukar\u0131da an\u0131lan ama\u00e7lar\u0131n ifa edilebilmesi i\u00e7in hukuka ve d\u00fcr\u00fcstl\u00fck kurallar\u0131na ve i\u015flendikleri ama\u00e7la ba\u011flant\u0131l\u0131, s\u0131n\u0131rl\u0131 ve \u00f6l\u00e7\u00fcl\u00fc, ilgili mevzuatta \u00f6ng\u00f6r\u00fclen veya i\u015flendikleri ama\u00e7 i\u00e7in gerekli olan s\u00fcre kadar muhafaza edilme ilkelerine uygun olarak Ticaret Bakanl\u0131\u011f\u0131, NEARS\u2019da hizmet\/destek\/dan\u0131\u015fmanl\u0131k al\u0131nan ya da i\u015fbirli\u011fi yap\u0131lan yurti\u00e7i\/yurtd\u0131\u015f\u0131, kamu\/\u00f6zel kurum ve kurulu\u015flar, \u015firketler ve NEARS\u2019in dan\u0131\u015fmanlar\u0131 ya da \u00e7\u00f6z\u00fcm orta\u011f\u0131 di\u011fer grup \u015firketlerine, di\u011fer yetkili kurum ve kurulu\u015flara, T\u00fcrk Ticaret Kanunu, ilgili di\u011fer mevzuat h\u00fck\u00fcmlerinin izin verdi\u011fi ki\u015fi veya kurulu\u015flara, hukuki yetkisi dahilinde talep etti\u011fi ama\u00e7la s\u0131n\u0131rl\u0131 olarak hukuken yetkili kamu ve\/veya \u00f6zel hukuk t\u00fczel ki\u015filerine ve di\u011fer mevzuat h\u00fck\u00fcmlerinin izin verdi\u011fi ya da zorunlu tuttu\u011fu ki\u015fi veya kurulu\u015flarla, resmi mercilerin talepleri \u00fczerine resmi mercilerle payla\u015f\u0131labilecektir.<\/p>\n<p>Ki\u015fisel verileriniz Ki\u015fisel Verilerin Korunmas\u0131 Kanunun 5 ve 8. Maddeleri uyar\u0131nca a\u00e7\u0131k r\u0131zan\u0131z olmaks\u0131z\u0131n yukar\u0131da s\u0131ralanan \u00fc\u00e7\u00fcnc\u00fc ki\u015filere aktar\u0131labilir.<\/p>\n<ol type=\"I\">\n<li><strong>Ki\u015fisel Veri Toplaman\u0131n Y\u00f6ntemi ve Hukuki Sebebi<\/strong><\/li>\n<\/ol>\n<p>Ki\u015fisel verileriniz NEARS veya NEARS ad\u0131na veri i\u015fleme yetkisine sahip ger\u00e7ek veya t\u00fczel ki\u015filer taraf\u0131ndan, beyan, ba\u015fvuru formlar\u0131, internet sitesinden doldurulan formlar, \u00f6zl\u00fck dosyas\u0131 olu\u015fturmak \u00fczere istenen belgeler, muhtelif s\u00f6zle\u015fmeler, her t\u00fcrl\u00fc bilgi formlar\u0131, anketler, i\u015f ba\u015fvuru formlar\u0131, \u00e7a\u011fr\u0131 merkezleri \u00fczerinden s\u00f6zl\u00fc, yaz\u0131l\u0131 veya elektronik kanallar arac\u0131l\u0131\u011f\u0131 ile a\u00e7\u0131k r\u0131zan\u0131z ya da kanunda \u00f6ng\u00f6r\u00fclen ki\u015fisel veri i\u015fleme \u015fartlar\u0131 kapsam\u0131nda toplanmaktad\u0131r.<\/p>\n<p>Bu bilgiler,\u00a0ticari ve idari faaliyetlerimizin, yasalar \u00e7er\u00e7evesinde sunulabilmesi ve bu kapsamda NEARS\u2019in hizmetlerini y\u00fcr\u00fctebilmesi, ticari hayat\u0131n\u0131 s\u00fcrd\u00fcrebilmesi ve yasalardan do\u011fan mesuliyetlerini eksiksiz ve do\u011fru bir \u015fekilde yerine getirebilmesi ama\u00e7lar\u0131yla edinilir.<\/p>\n<ul>\n<li><strong>Ki\u015fisel Verilerin Silinmesi, Yok Edilmesi Veya Anonim Hale Getirilmesi<\/strong><\/li>\n<\/ul>\n<p>KVKK\u2019n\u0131n 7. maddesi uyar\u0131nca, ki\u015fisel verilerin ilgili mevzuata uygun olarak i\u015flenmi\u015f olmas\u0131na ra\u011fmen, i\u015flenmesini gerektiren sebeplerin ortadan kalkmas\u0131 halinde ki\u015fisel veriler re\u2019sen veya ki\u015fisel veri sahibinin talebi \u00fczerine NEARS taraf\u0131ndan silinir, yok edilir veya anonim hale getirilir.<\/p>\n<p>Bu hususa ili\u015fkin usul ve esaslar KVKK ve 28.10.2017 tarihli ve 30224 say\u0131l\u0131 Resmi Gazete\u2019de yay\u0131nlanan Ki\u015fisel Verilerin Silinmesi, Yok Edilmesi veya Anonim Hale Getirilmesi Hakk\u0131nda Y\u00f6netmelik\u2019e g\u00f6re yerine getirilecektir.<\/p>\n<p>Ki\u015fisel verileri silme, yok etme veya anonim hale getirme y\u00fck\u00fcml\u00fcl\u00fc\u011f\u00fcm\u00fcz\u00fcn ortaya \u00e7\u0131kt\u0131\u011f\u0131 tarihi takip eden 3 (\u00fc\u00e7) ay i\u00e7erisinde, ki\u015fisel veriler silinir, yok edilir veya anonim hale getirilir.<\/p>\n<p>NEARS\u2019A ba\u015fvurarak ki\u015fisel verilerinizin silinmesini veya yok edilmesini talep etti\u011finizde;<\/p>\n<ol type=\"a\">\n<li>Ki\u015fisel verileri i\u015fleme \u015fartlar\u0131n\u0131n tamam\u0131 ortadan kalkm\u0131\u015fsa; talebe konu ki\u015fisel verilerinizi silinir, yok edilir veya anonim hale getirilir. Talebiniz en ge\u00e7 otuz g\u00fcn i\u00e7inde sonu\u00e7land\u0131r\u0131l\u0131r ve taraf\u0131n\u0131za bilgi verilir.<\/li>\n<li>Ki\u015fisel verileri i\u015fleme \u015fartlar\u0131n\u0131n tamam\u0131 ortadan kalkm\u0131\u015f ve talebe konu olan ki\u015fisel veriler \u00fc\u00e7\u00fcnc\u00fc ki\u015filere aktar\u0131lm\u0131\u015fsa bu durum \u00fc\u00e7\u00fcnc\u00fc ki\u015filere bildirir; Y\u00f6netmelik kapsam\u0131nda gerekli i\u015flemlerin yap\u0131lmas\u0131 temin edilir.<\/li>\n<li>Ki\u015fisel verileri i\u015fleme \u015fartlar\u0131n\u0131n tamam\u0131 ortadan kalkmam\u0131\u015fsa, talebiniz KVKK\u2019n\u0131n 13 \u00fcnc\u00fc maddesinin \u00fc\u00e7\u00fcnc\u00fc f\u0131kras\u0131 uyar\u0131nca gerek\u00e7esi a\u00e7\u0131klanarak reddedilebilir ve ret cevab\u0131 taraf\u0131n\u0131za en ge\u00e7 otuz g\u00fcn i\u00e7inde yaz\u0131l\u0131 olarak ya da elektronik ortamda bildirilir.<\/li>\n<\/ol>\n<ul>\n<li><strong>Ki\u015fisel Verilerin Korunmas\u0131 Kanunundan Do\u011fan Haklar\u0131n\u0131z<\/strong><\/li>\n<\/ul>\n<p>Kanun\u2019un 11. Maddesine g\u00f6re ki\u015fisel veri sahibi olarak m\u00fc\u015fteriler;<\/p>\n<ul>\n<li>Ki\u015fisel veri i\u015flenip i\u015flenmedi\u011fini \u00f6\u011frenme,\n<ul>\n<li>Ki\u015fisel veriler i\u015flenmi\u015fse buna ili\u015fkin bilgi talep etme,<\/li>\n<li>Ki\u015fisel verilerin i\u015flenme amac\u0131n\u0131 ve bunlar\u0131n amac\u0131na uygun kullan\u0131p kullan\u0131lmad\u0131\u011f\u0131n\u0131 \u00f6\u011frenme,<\/li>\n<li>Yurt i\u00e7inde veya yurt d\u0131\u015f\u0131nda ki\u015fisel verilerin aktar\u0131ld\u0131\u011f\u0131 \u00fc\u00e7\u00fcnc\u00fc ki\u015fileri bilme,<\/li>\n<li>Ki\u015fisel verilerin eksik ya da yanl\u0131\u015f i\u015flenmi\u015f olmas\u0131 halinde bunlar\u0131n d\u00fczeltilmesini isteme,<\/li>\n<li>Ki\u015fisel verilerin silinmesini, anonim hale getirilmesini veya yok edilmesini isteme,<\/li>\n<li>D\u00fczeltilme, silinme, anonim hale getirme veya yok edilmesi halinde bunun \u00fc\u00e7\u00fcnc\u00fc ki\u015filere bildirilmesini isteme,<\/li>\n<li>\u0130\u015flenen verilerin m\u00fcnhas\u0131ran otomatik sistemler vas\u0131tas\u0131yla analiz edilmesi suretiyle ki\u015finin kendisi aleyhine bir sonucun ortaya \u00e7\u0131kmas\u0131na itiraz etme,<\/li>\n<li>Ki\u015fisel verilerin kanuna ayk\u0131r\u0131 olarak i\u015flenmesi sebebiyle zarar u\u011framas\u0131 halinde zarar\u0131n giderilmesini talep etme,<\/li>\n<\/ul>\n<\/li>\n<\/ul>\n<p>haklar\u0131na sahiptir. S\u00f6z konusu haklar\u0131n\u0131z\u0131 internet sitesindeki ileti\u015fim bilgileri (mail, \u00e7a\u011fr\u0131 merkezi vs.) kanal\u0131yla kullan\u0131labilirsiniz.<\/p>\n<p>Mail:\u00a0lionemre@hotmail.com<\/p>\n<p>Telefon Numaras\u0131: +90532 2931625<\/p>\n","protected":false},"excerpt":{"rendered":"<p>NURULLAH EMRE ARSLAN6698 SAYILI K\u0130\u015e\u0130SEL VER\u0130LER\u0130N KORUNMASI KANUNU KAPSAMINDA AYDINLATMA METN\u0130 NURULLAH EMRE ARSLAN (\u201cNEARS\u201d), y\u00fcr\u00fctt\u00fc\u011f\u00fc faaliyetler kapsam\u0131nda i\u015fledi\u011fi ki\u015fisel &hellip; <br \/><a href=\"https:\/\/challengemaths.com\/tr\/kvkk-aydinlatma-metni\/\" class=\"more-link\">Continue reading <span class=\"screen-reader-text\">KVKK Ayd\u0131nlatma Metni<\/span><\/a><\/p>\n","protected":false},"author":2,"featured_media":0,"parent":0,"menu_order":0,"comment_status":"closed","ping_status":"closed","template":"","meta":[],"_links":{"self":[{"href":"https:\/\/challengemaths.com\/tr\/wp-json\/wp\/v2\/pages\/6110"}],"collection":[{"href":"https:\/\/challengemaths.com\/tr\/wp-json\/wp\/v2\/pages"}],"about":[{"href":"https:\/\/challengemaths.com\/tr\/wp-json\/wp\/v2\/types\/page"}],"author":[{"embeddable":true,"href":"https:\/\/challengemaths.com\/tr\/wp-json\/wp\/v2\/users\/2"}],"replies":[{"embeddable":true,"href":"https:\/\/challengemaths.com\/tr\/wp-json\/wp\/v2\/comments?post=6110"}],"version-history":[{"count":7,"href":"https:\/\/challengemaths.com\/tr\/wp-json\/wp\/v2\/pages\/6110\/revisions"}],"predecessor-version":[{"id":6117,"href":"https:\/\/challengemaths.com\/tr\/wp-json\/wp\/v2\/pages\/6110\/revisions\/6117"}],"wp:attachment":[{"href":"https:\/\/challengemaths.com\/tr\/wp-json\/wp\/v2\/media?parent=6110"}],"curies":[{"name":"wp","href":"https:\/\/api.w.org\/{rel}","templated":true}]}}