{"id":6118,"date":"2021-12-09T01:29:34","date_gmt":"2021-12-08T22:29:34","guid":{"rendered":"https:\/\/challengemaths.com\/mesafeli-satis-sozlesmesi\/"},"modified":"2022-09-03T04:05:31","modified_gmt":"2022-09-03T01:05:31","slug":"mesafeli-satis-sozlesmesi","status":"publish","type":"page","link":"https:\/\/challengemaths.com\/tr\/mesafeli-satis-sozlesmesi\/","title":{"rendered":"Mesafeli Sat\u0131\u015f S\u00f6zle\u015fmesi"},"content":{"rendered":"\n<p><strong>MESAFEL\u0130 SATI\u015e KO\u015eULLARI<\/strong><\/p>\n\n<p>\u0130\u015fbu s\u00f6zle\u015fme 13.06.2003 tarih ve 25137 say\u0131l\u0131 Resmi Gazetede yay\u0131nlanan Mesafeli S\u00f6zle\u015fmeler Uygulama Usul ve Esaslar\u0131 Hakk\u0131nda Y\u00f6netmelik gere\u011fi internet \u00fczerinden ger\u00e7ekle\u015ftiren sat\u0131\u015flar i\u00e7in s\u00f6zle\u015fme yap\u0131lmas\u0131 zorunlulu\u011funa istinaden d\u00fczenlenmi\u015f olup, maddeler halinde a\u015fa\u011f\u0131daki gibidir.<\/p>\n\n<p><strong>MADDE 1 \u2013 KONU<\/strong><\/p>\n\n<p>\u0130\u015fbu s\u00f6zle\u015fmenin konusu, <strong>SATICI<\/strong>\u2018n\u0131n, <strong>ALICI<\/strong>\u2018ya sat\u0131\u015f\u0131n\u0131 yapt\u0131\u011f\u0131, a\u015fa\u011f\u0131da nitelikleri ve sat\u0131\u015f fiyat\u0131 belirtilen hizmetin sat\u0131\u015f\u0131 ve teslimi ile ilgili olarak 4077 say\u0131l\u0131 T\u00fcketicilerin Korunmas\u0131 Hakk\u0131ndaki Kanun-Mesafeli S\u00f6zle\u015fmeleri Uygulama Esas ve Usulleri Hakk\u0131nda Y\u00f6netmelik h\u00fck\u00fcmleri gere\u011fince taraflar\u0131n hak ve y\u00fck\u00fcml\u00fcl\u00fcklerinin kapsamaktad\u0131r.<\/p>\n\n<p><strong>MADDE 2.1 \u2013 SATICI B\u0130LG\u0130LER\u0130<\/strong><\/p>\n\n<p><strong>\u00dcnvan:<\/strong> NURULLAH EMRA ARSLAN (Bundan sonra <strong>SATICI<\/strong> olarak an\u0131lacakt\u0131r)<\/p>\n\n<p><strong>Adres:<\/strong> Esentepe Mah. B\u00fcy\u00fckdere Cad. Levent 199 No:199 \u0130\u00e7 Kap\u0131 No:6 \u015ei\u015fli\/\u0130stanbul<\/p>\n\n<p><strong>Telefon:<\/strong>+90532 2931625<\/p>\n\n<p><strong>E-posta:<\/strong> lionemre@hotmail.com<\/p>\n\n<p><strong>MADDE 2.2 \u2013 ALICI B\u0130LG\u0130LER\u0130<\/strong><\/p>\n\n<p>M\u00fc\u015fteri olarak www.challengemaths.com sitesinden \u00f6deme yapan ki\u015fi, \u00f6deme yaparken kullan\u0131lan adres ve ileti\u015fim bilgileri esas al\u0131n\u0131r.<\/p>\n\n<p><strong>MADDE 3 \u2013 S\u00d6ZLE\u015eME KONUSU H\u0130ZMET B\u0130LG\u0130LER\u0130<\/strong><\/p>\n\n<p>Hizmetin t\u00fcr\u00fc, sat\u0131\u015f bedeli ve \u00f6deme \u015fekli sat\u0131n alma s\u00fcrecinin sonland\u0131\u011f\u0131 andaki bilgilerden olu\u015fmaktad\u0131r.<\/p>\n\n<p><strong>MADDE 4 \u2013 GENEL H\u00dcK\u00dcMLER<\/strong><\/p>\n\n<p><strong>4.1 \u2013 ALICI<\/strong>, Madde 3\u2032te belirtilen s\u00f6zle\u015fme konusu hizmetin temel nitelikleri, sat\u0131\u015f fiyat\u0131 ve \u00f6deme \u015fekli ile teslimata ili\u015fkin t\u00fcm \u00f6n bilgileri okuyup bilgi sahibi oldu\u011funu ve elektronik ortamda gerekli teyidi verdi\u011fini beyan eder.<\/p>\n\n<p><strong>4.2 \u2013 <\/strong>S\u00f6zle\u015fme konusu hizmet, <strong>ALICI<\/strong>\u2019n\u0131n ald\u0131\u011f\u0131 hizmet t\u00fcr\u00fcne g\u00f6re ya yasal 30 g\u00fcnl\u00fck s\u00fcreyi a\u015fmamak ko\u015fulu ile <strong>ALICI<\/strong>\u2018n\u0131n \u00f6deme s\u0131ras\u0131nda kay\u0131t etti\u011fi e-posta adresine a\u00e7\u0131klanan s\u00fcre i\u00e7inde g\u00f6nderilir.<\/p>\n\n<p><strong>4.3 \u2013 <\/strong>S\u00f6zle\u015fme konusu hizmet, <strong>ALICI<\/strong>\u2018n\u0131n \u00f6deme s\u0131ras\u0131nda kay\u0131t etti\u011fi e-posta adresinden kaynaklanan sorunlar nedeni ile teslim edilememesinden <strong>SATICI <\/strong> sorumlu tutulamaz.<\/p>\n\n<p><strong>4.4 \u2013 <\/strong>S\u00f6zle\u015fme konusu hizmetin teslimat\u0131 i\u00e7in i\u015fbu s\u00f6zle\u015fmenin kabul edildi\u011fine dair onay\u0131n www.vedubox.com internet sitesinde verilmesi ve bedelinin <strong>ALICI<\/strong>\u2018n\u0131n tercih etti\u011fi \u00f6deme \u015fekli ile \u00f6denmi\u015f olmas\u0131 \u015fartt\u0131r. Herhangi bir nedenle hizmet bedeli \u00f6denmez veya banka kay\u0131tlar\u0131nda iptal edilir ise, <strong>SATICI <\/strong>\u00fcr\u00fcn\u00fcn teslimi y\u00fck\u00fcml\u00fcl\u00fc\u011f\u00fcnden kurtulmu\u015f kabul edilir.<\/p>\n\n<p><strong>4.5- SATICI <\/strong> m\u00fccbir sebepler nedeni ile s\u00f6zle\u015fme konusu hizmeti s\u00fcresi i\u00e7inde teslim edemez ise, durumu <strong>ALICI<\/strong>\u2018ya bildirmekle y\u00fck\u00fcml\u00fcd\u00fcr. Bu takdirde <strong>ALICI<\/strong> sipari\u015fin iptal edilmesi hakk\u0131n\u0131 kullanabilir. <strong>ALICI<\/strong>\u2018n\u0131n sipari\u015fi iptal etmesi halinde \u00f6dedi\u011fi tutar 10 g\u00fcn i\u00e7inde kendisine nakten ve defaten \u00f6denir.<\/p>\n\n<p><strong>MADDE 5 \u2013 CAYMA HAKKI<\/strong><\/p>\n\n<p><strong>ALICI<\/strong>, s\u00f6zle\u015fme konusu hizmetin kendisine veya g\u00f6sterdi\u011fi adresteki ki\u015fi\/kurulu\u015fa tesliminden itibaren \u00fc\u00e7 g\u00fcn i\u00e7inde cayma hakk\u0131na sahiptir. Cayma hakk\u0131n\u0131n kullan\u0131lmas\u0131 i\u00e7in bu s\u00fcre i\u00e7inde <strong>SATICI<\/strong>\u2019ya e-posta ile bildirimde bulunulmas\u0131 \u015fartt\u0131r. Bu belgelerin ula\u015fmas\u0131n\u0131 takip eden yedi g\u00fcn i\u00e7inde \u00fcr\u00fcn bedeli <strong>ALICI<\/strong>\u2018ya iade edilir.<\/p>\n\n<p>\u00d6demenin kredi kart\u0131 veya benzeri bir \u00f6deme kart\u0131 ile yap\u0131lmas\u0131 halinde <strong>ALICI<\/strong>, kart\u0131n kendi r\u0131zas\u0131 d\u0131\u015f\u0131nda ve hukuka ayk\u0131r\u0131 bi\u00e7imde kullan\u0131ld\u0131\u011f\u0131 gerek\u00e7esiyle \u00f6deme i\u015fleminin iptal edilmesini talep edebilir. Bu halde, kart\u0131 \u00e7\u0131karan kurulu\u015f itiraz\u0131n kendisine bildirilmesinden itibaren 10 g\u00fcn i\u00e7inde \u00f6deme tutar\u0131n\u0131 <strong>ALICI<\/strong>\u2019ya iade eder.<\/p>\n\n<p>\u0130\u015fbu s\u00f6zle\u015fmenin uygulanmas\u0131nda, Sanayi ve Ticaret Bakanl\u0131\u011f\u0131nca ilan edilen de\u011fere kadar T\u00fcketici Hakem Heyetleri ile <strong>SATICI<\/strong>\u2019n\u0131n yerle\u015fim yerindeki T\u00fcketici Mahkemeleri yetkilidir.<\/p>\n\n<p>Sipari\u015fin sonu\u00e7lanmas\u0131 durumunda <strong>ALICI<\/strong> i\u015fbu s\u00f6zle\u015fmenin t\u00fcm ko\u015fullar\u0131n\u0131 kabul etmi\u015f say\u0131lacakt\u0131r.<\/p>\n","protected":false},"excerpt":{"rendered":"<p>MESAFEL\u0130 SATI\u015e KO\u015eULLARI \u0130\u015fbu s\u00f6zle\u015fme 13.06.2003 tarih ve 25137 say\u0131l\u0131 Resmi Gazetede yay\u0131nlanan Mesafeli S\u00f6zle\u015fmeler Uygulama Usul ve Esaslar\u0131 Hakk\u0131nda &hellip; <br \/><a href=\"https:\/\/challengemaths.com\/tr\/mesafeli-satis-sozlesmesi\/\" class=\"more-link\">Continue reading <span class=\"screen-reader-text\">Mesafeli Sat\u0131\u015f S\u00f6zle\u015fmesi<\/span><\/a><\/p>\n","protected":false},"author":2,"featured_media":0,"parent":0,"menu_order":0,"comment_status":"closed","ping_status":"closed","template":"","meta":[],"_links":{"self":[{"href":"https:\/\/challengemaths.com\/tr\/wp-json\/wp\/v2\/pages\/6118"}],"collection":[{"href":"https:\/\/challengemaths.com\/tr\/wp-json\/wp\/v2\/pages"}],"about":[{"href":"https:\/\/challengemaths.com\/tr\/wp-json\/wp\/v2\/types\/page"}],"author":[{"embeddable":true,"href":"https:\/\/challengemaths.com\/tr\/wp-json\/wp\/v2\/users\/2"}],"replies":[{"embeddable":true,"href":"https:\/\/challengemaths.com\/tr\/wp-json\/wp\/v2\/comments?post=6118"}],"version-history":[{"count":1,"href":"https:\/\/challengemaths.com\/tr\/wp-json\/wp\/v2\/pages\/6118\/revisions"}],"predecessor-version":[{"id":6119,"href":"https:\/\/challengemaths.com\/tr\/wp-json\/wp\/v2\/pages\/6118\/revisions\/6119"}],"wp:attachment":[{"href":"https:\/\/challengemaths.com\/tr\/wp-json\/wp\/v2\/media?parent=6118"}],"curies":[{"name":"wp","href":"https:\/\/api.w.org\/{rel}","templated":true}]}}