{"id":6130,"date":"2022-07-04T00:28:23","date_gmt":"2022-07-03T21:28:23","guid":{"rendered":"https:\/\/challengemaths.com\/?page_id=6130"},"modified":"2023-02-21T11:06:37","modified_gmt":"2023-02-21T08:06:37","slug":"sat-sinav-tarihleri-2023","status":"publish","type":"page","link":"https:\/\/challengemaths.com\/tr\/sat-sinav-tarihleri-2023\/","title":{"rendered":"SAT S\u0131nav Tarihleri 2023"},"content":{"rendered":"\t\t<div data-elementor-type=\"wp-page\" data-elementor-id=\"6130\" class=\"elementor elementor-6130 elementor-5520\" data-elementor-settings=\"[]\">\n\t\t\t\t\t\t\t<div class=\"elementor-section-wrap\">\n\t\t\t\t\t\t\t<section class=\"elementor-section elementor-top-section elementor-element elementor-element-72e3b86 elementor-section-boxed elementor-section-height-default elementor-section-height-default\" data-id=\"72e3b86\" data-element_type=\"section\">\n\t\t\t\t\t\t<div class=\"elementor-container elementor-column-gap-default\">\n\t\t\t\t\t<div class=\"elementor-column elementor-col-100 elementor-top-column elementor-element elementor-element-cdd63a3\" data-id=\"cdd63a3\" data-element_type=\"column\">\n\t\t\t<div class=\"elementor-widget-wrap elementor-element-populated\">\n\t\t\t\t\t\t\t\t<div class=\"elementor-element elementor-element-6eef2d4 elementor-widget elementor-widget-spacer\" data-id=\"6eef2d4\" data-element_type=\"widget\" data-widget_type=\"spacer.default\">\n\t\t\t\t<div class=\"elementor-widget-container\">\n\t\t\t\t\t<div class=\"elementor-spacer\">\n\t\t\t<div class=\"elementor-spacer-inner\"><\/div>\n\t\t<\/div>\n\t\t\t\t<\/div>\n\t\t\t\t<\/div>\n\t\t\t\t<div class=\"elementor-element elementor-element-5961329 elementor-widget elementor-widget-heading\" data-id=\"5961329\" data-element_type=\"widget\" data-widget_type=\"heading.default\">\n\t\t\t\t<div class=\"elementor-widget-container\">\n\t\t\t<style>\/*! elementor - v3.5.5 - 03-02-2022 *\/\n.elementor-heading-title{padding:0;margin:0;line-height:1}.elementor-widget-heading .elementor-heading-title[class*=elementor-size-]>a{color:inherit;font-size:inherit;line-height:inherit}.elementor-widget-heading .elementor-heading-title.elementor-size-small{font-size:15px}.elementor-widget-heading .elementor-heading-title.elementor-size-medium{font-size:19px}.elementor-widget-heading .elementor-heading-title.elementor-size-large{font-size:29px}.elementor-widget-heading .elementor-heading-title.elementor-size-xl{font-size:39px}.elementor-widget-heading .elementor-heading-title.elementor-size-xxl{font-size:59px}<\/style><h2 class=\"elementor-heading-title elementor-size-default\">2023\u201324 SAT Test Dates<\/h2>\t\t<\/div>\n\t\t\t\t<\/div>\n\t\t\t\t<div class=\"elementor-element elementor-element-7d9dea2 elementor-widget elementor-widget-text-editor\" data-id=\"7d9dea2\" data-element_type=\"widget\" data-widget_type=\"text-editor.default\">\n\t\t\t\t<div class=\"elementor-widget-container\">\n\t\t\t<style>\/*! elementor - v3.5.5 - 03-02-2022 *\/\n.elementor-widget-text-editor.elementor-drop-cap-view-stacked .elementor-drop-cap{background-color:#818a91;color:#fff}.elementor-widget-text-editor.elementor-drop-cap-view-framed .elementor-drop-cap{color:#818a91;border:3px solid;background-color:transparent}.elementor-widget-text-editor:not(.elementor-drop-cap-view-default) .elementor-drop-cap{margin-top:8px}.elementor-widget-text-editor:not(.elementor-drop-cap-view-default) .elementor-drop-cap-letter{width:1em;height:1em}.elementor-widget-text-editor .elementor-drop-cap{float:left;text-align:center;line-height:1;font-size:50px}.elementor-widget-text-editor .elementor-drop-cap-letter{display:inline-block}<\/style>\t\t\t\t<table class=\"sat-calander\"><thead><tr><th>SAT S\u0131nav Tarihi<\/th><th>Ba\u015fvuru i\u00e7in son tarih<\/th><th>De\u011fi\u015fiklik, D\u00fczenli \u0130ptal ve Ge\u00e7 Kay\u0131t \u0130\u00e7in Son Tarih<\/th><\/tr><\/thead><tbody><tr><td>Mart 11, 2023<\/td><td>\u015eubat 10, 2023<\/td><td>\u015eubat 28, 2023<\/td><\/tr><tr><td>May\u0131s 6, 2023<\/td><td>Nisan 7, 2023<\/td><td>Nisan 25, 2023<\/td><\/tr><tr><td>Temmuz 3, 2023<\/td><td>May\u0131s 4, 2023<\/td><td>May\u0131s 23, 2023<\/td><\/tr><\/tbody><\/table>\t\t\t\t\t\t<\/div>\n\t\t\t\t<\/div>\n\t\t\t\t<div class=\"elementor-element elementor-element-6a259d9 elementor-widget elementor-widget-text-editor\" data-id=\"6a259d9\" data-element_type=\"widget\" data-widget_type=\"text-editor.default\">\n\t\t\t\t<div class=\"elementor-widget-container\">\n\t\t\t\t\t\t\t<p>SAT matematik s\u0131nav\u0131na nas\u0131l haz\u0131rland\u0131\u011f\u0131n\u0131z, haz\u0131rlanmak i\u00e7in ka\u00e7 saat harcad\u0131\u011f\u0131n\u0131zdan daha \u00f6nemlidir!<\/p>\t\t\t\t\t\t<\/div>\n\t\t\t\t<\/div>\n\t\t\t\t<div class=\"elementor-element elementor-element-67da09c elementor-widget elementor-widget-button\" data-id=\"67da09c\" data-element_type=\"widget\" data-widget_type=\"button.default\">\n\t\t\t\t<div class=\"elementor-widget-container\">\n\t\t\t\t\t<div class=\"elementor-button-wrapper\">\n\t\t\t<a href=\"https:\/\/challengemaths.com\/sat-math-online-exam-preparation\/\" class=\"elementor-button-link elementor-button elementor-size-md\" role=\"button\">\n\t\t\t\t\t\t<span class=\"elementor-button-content-wrapper\">\n\t\t\t\t\t\t<span class=\"elementor-button-icon elementor-align-icon-right\">\n\t\t\t\t<i aria-hidden=\"true\" class=\"fas fa-angle-right\"><\/i>\t\t\t<\/span>\n\t\t\t\t\t\t<span class=\"elementor-button-text\">\u015eimdi \u00d6\u011frenmeye Ba\u015flay\u0131n!<\/span>\n\t\t<\/span>\n\t\t\t\t\t<\/a>\n\t\t<\/div>\n\t\t\t\t<\/div>\n\t\t\t\t<\/div>\n\t\t\t\t<div class=\"elementor-element elementor-element-7b7ae35 elementor-widget elementor-widget-spacer\" data-id=\"7b7ae35\" data-element_type=\"widget\" data-widget_type=\"spacer.default\">\n\t\t\t\t<div class=\"elementor-widget-container\">\n\t\t\t\t\t<div class=\"elementor-spacer\">\n\t\t\t<div class=\"elementor-spacer-inner\"><\/div>\n\t\t<\/div>\n\t\t\t\t<\/div>\n\t\t\t\t<\/div>\n\t\t\t\t\t<\/div>\n\t\t<\/div>\n\t\t\t\t\t\t\t<\/div>\n\t\t<\/section>\n\t\t\t\t\t\t<\/div>\n\t\t\t\t\t<\/div>\n\t\t","protected":false},"excerpt":{"rendered":"<p>2023\u201324 SAT Test Dates SAT S\u0131nav Tarihi Ba\u015fvuru i\u00e7in son tarih De\u011fi\u015fiklik, D\u00fczenli \u0130ptal ve Ge\u00e7 Kay\u0131t \u0130\u00e7in Son Tarih &hellip; <br \/><a href=\"https:\/\/challengemaths.com\/tr\/sat-sinav-tarihleri-2023\/\" class=\"more-link\">Continue reading <span class=\"screen-reader-text\">SAT S\u0131nav Tarihleri 2023<\/span><\/a><\/p>\n","protected":false},"author":2,"featured_media":0,"parent":0,"menu_order":0,"comment_status":"closed","ping_status":"closed","template":"","meta":[],"_links":{"self":[{"href":"https:\/\/challengemaths.com\/tr\/wp-json\/wp\/v2\/pages\/6130"}],"collection":[{"href":"https:\/\/challengemaths.com\/tr\/wp-json\/wp\/v2\/pages"}],"about":[{"href":"https:\/\/challengemaths.com\/tr\/wp-json\/wp\/v2\/types\/page"}],"author":[{"embeddable":true,"href":"https:\/\/challengemaths.com\/tr\/wp-json\/wp\/v2\/users\/2"}],"replies":[{"embeddable":true,"href":"https:\/\/challengemaths.com\/tr\/wp-json\/wp\/v2\/comments?post=6130"}],"version-history":[{"count":11,"href":"https:\/\/challengemaths.com\/tr\/wp-json\/wp\/v2\/pages\/6130\/revisions"}],"predecessor-version":[{"id":6636,"href":"https:\/\/challengemaths.com\/tr\/wp-json\/wp\/v2\/pages\/6130\/revisions\/6636"}],"wp:attachment":[{"href":"https:\/\/challengemaths.com\/tr\/wp-json\/wp\/v2\/media?parent=6130"}],"curies":[{"name":"wp","href":"https:\/\/api.w.org\/{rel}","templated":true}]}}