{"id":6552,"date":"2023-02-03T21:08:43","date_gmt":"2023-02-03T18:08:43","guid":{"rendered":"https:\/\/challengemaths.com\/?page_id=6552"},"modified":"2023-02-03T21:14:09","modified_gmt":"2023-02-03T18:14:09","slug":"sat-dijitale-hazirmisiniz","status":"publish","type":"page","link":"https:\/\/challengemaths.com\/tr\/sat-dijitale-hazirmisiniz\/","title":{"rendered":"Sat Dijitale Haz\u0131rm\u0131s\u0131n\u0131z ?"},"content":{"rendered":"","protected":false},"excerpt":{"rendered":"","protected":false},"author":2,"featured_media":0,"parent":0,"menu_order":0,"comment_status":"closed","ping_status":"closed","template":"","meta":[],"_links":{"self":[{"href":"https:\/\/challengemaths.com\/tr\/wp-json\/wp\/v2\/pages\/6552"}],"collection":[{"href":"https:\/\/challengemaths.com\/tr\/wp-json\/wp\/v2\/pages"}],"about":[{"href":"https:\/\/challengemaths.com\/tr\/wp-json\/wp\/v2\/types\/page"}],"author":[{"embeddable":true,"href":"https:\/\/challengemaths.com\/tr\/wp-json\/wp\/v2\/users\/2"}],"replies":[{"embeddable":true,"href":"https:\/\/challengemaths.com\/tr\/wp-json\/wp\/v2\/comments?post=6552"}],"version-history":[{"count":1,"href":"https:\/\/challengemaths.com\/tr\/wp-json\/wp\/v2\/pages\/6552\/revisions"}],"predecessor-version":[{"id":6553,"href":"https:\/\/challengemaths.com\/tr\/wp-json\/wp\/v2\/pages\/6552\/revisions\/6553"}],"wp:attachment":[{"href":"https:\/\/challengemaths.com\/tr\/wp-json\/wp\/v2\/media?parent=6552"}],"curies":[{"name":"wp","href":"https:\/\/api.w.org\/{rel}","templated":true}]}}